{"id":306080,"date":"2025-02-13T20:21:39","date_gmt":"2025-02-13T20:21:39","guid":{"rendered":"https:\/\/infinitysport.hr\/pocetna-stranica\/"},"modified":"2026-04-10T16:50:50","modified_gmt":"2026-04-10T16:50:50","slug":"pocetna-stranica","status":"publish","type":"page","link":"https:\/\/infinitysport.hr\/hr\/","title":{"rendered":"Po\u010detna stranica"},"content":{"rendered":"<div class=\"et_pb_section_0 et_pb_section et_pb_fullwidth_section et_section_regular et_block_section et_animated\">\n<section class=\"et_pb_fullwidth_header_0 et_pb_fullwidth_header et_pb_fullscreen et_pb_bg_layout_dark et_pb_text_align_center et-pb-has-background-video et_pb_preload et_pb_module et_flex_module\"><span class=\"et-pb-background-video\"><video autoplay loop playsinline muted><source type=\"video\/mp4\" src=\"https:\/\/infinitysport.hr\/wp-content\/uploads\/2025\/08\/Infinity-Sport-Home-Hero.mp4\" \/><\/video><\/span><div class=\"et_pb_fullwidth_header_container center\"><div class=\"header-content-container center\"><div class=\"header-content et_flex_module\"><img loading=\"lazy\" decoding=\"async\" src=\"https:\/\/infinitysport.hr\/wp-content\/uploads\/2025\/06\/infinity-sport-light.svg\" width=\"754\" height=\"506\" srcset=\"https:\/\/infinitysport.hr\/wp-content\/uploads\/2025\/06\/infinity-sport-light.svg 754w\" sizes=\"(min-width: 0px) and (max-width: 480px) 480px, (min-width: 481px) 754px, 100vw\" class=\"header-logo wp-image-305019\" title=\"infinity-sport-light\" \/><h1 class=\"et_pb_module_header\">Otkrijte du\u0161u otoka Krka<\/h1><span class=\"et_pb_fullwidth_header_subhead\">Kroz kretanje, prirodu i svjesnost. Va\u0161a avantura po\u010dinje ovdje. <\/span><div class=\"et_pb_header_button_wrapper\"><a class=\"et_pb_button et_pb_more_button et_pb_button_one\" href=\"#services\">Istra\u017eite usluge<\/a><a class=\"et_pb_button et_pb_more_button et_pb_button_two\" href=\"#owners\">O vlasnicima<\/a><\/div><\/div><\/div><\/div><div class=\"et_pb_fullwidth_header_overlay\"><\/div><div class=\"et_pb_fullwidth_header_scroll\"><\/div><\/section>\n<\/div>\n\n<div class=\"et_pb_section_1 et_pb_section et_section_regular et_block_section\" id=\"services\">\n<div class=\"et_pb_row_0 et_pb_row et_pb_row_4col et_pb_equal_columns et_pb_gutters2 et_block_row et_block_row_4col et_animated preset--module--divi-row--default\">\n<div class=\"et_pb_column_0 et_pb_column et_pb_column_1_4 et_block_column et_pb_css_mix_blend_mode_passthrough col-bike activity-card\">\n<div class=\"et_pb_blurb_0 et_pb_blurb et_pb_bg_layout_light et_pb_blurb_position_top et_pb_module et_block_module\"><div class=\"et_pb_blurb_content\"><div class=\"et_pb_main_blurb_image\"><span class=\"et_pb_image_wrap\"><span class=\"et-pb-icon\">\uf206<\/span><\/span><\/div><div class=\"et_pb_blurb_container\"><h4 class=\"et_pb_module_header\">Bicikl<\/h4><div class=\"et_pb_blurb_description\"><p>Pridru\u017eite se na\u0161im vo\u0111enim biciklisti\u010dkim turama kroz prekrasne krajolike Krka. Nudimo ture za sve razine, od obiteljskih izleta do zahtjevnih brdskih vo\u017enji. <\/p>\n<\/div><\/div><\/div><\/div>\n\n<div class=\"et_pb_module et_pb_button_module_wrapper et_pb_button_0_wrapper preset--module--divi-button--default_wrapper\"><a class=\"et_pb_button_0 et_pb_button et_pb_bg_layout_light et_pb_module et_block_module preset--module--divi-button--default\" href=\"\">Saznajte vi\u0161e<\/a><\/div>\n<\/div>\n\n<div class=\"et_pb_column_1 et_pb_column et_pb_column_1_4 et_flex_column et_pb_css_mix_blend_mode_passthrough col-hike activity-card\">\n<div class=\"et_pb_blurb_1 et_pb_blurb et_pb_bg_layout_light et_pb_blurb_position_top et_pb_module et_block_module\"><div class=\"et_pb_blurb_content\"><div class=\"et_pb_main_blurb_image\"><span class=\"et_pb_image_wrap\"><span class=\"et-pb-icon\">\uf6ec<\/span><\/span><\/div><div class=\"et_pb_blurb_container\"><h4 class=\"et_pb_module_header\">Planinarenje<\/h4><div class=\"et_pb_blurb_description\"><p>Istra\u017eite ljepotu Krka na na\u0161im vo\u0111enim planinarskim turama. Izaberite izme\u0111u visokogorskih uspona ili popularnih Amino tura, uklju\u010duju\u0107i iskustvo inspirirano hodo\u010da\u0161\u0107em Camino Krk. <\/p>\n<\/div><\/div><\/div><\/div>\n\n<div class=\"et_pb_module et_pb_button_module_wrapper et_pb_button_1_wrapper preset--module--divi-button--default_wrapper\"><a class=\"et_pb_button_1 et_pb_button et_pb_bg_layout_light et_pb_module et_block_module preset--module--divi-button--default\" href=\"\">Saznajte vi\u0161e<\/a><\/div>\n<\/div>\n\n<div class=\"et_pb_column_2 et_pb_column et_pb_column_1_4 et_block_column et_pb_css_mix_blend_mode_passthrough col-fitness activity-card\">\n<div class=\"et_pb_blurb_2 et_pb_blurb et_pb_bg_layout_light et_pb_blurb_position_top et_pb_module et_block_module\"><div class=\"et_pb_blurb_content\"><div class=\"et_pb_main_blurb_image\"><span class=\"et_pb_image_wrap\"><span class=\"et-pb-icon\">\uf44b<\/span><\/span><\/div><div class=\"et_pb_blurb_container\"><h4 class=\"et_pb_module_header\">Fitness<\/h4><div class=\"et_pb_blurb_description\"><p>Na\u0161 moderno opremljen fitness centar nudi sve \u0161to vam je potrebno za postizanje va\u0161ih fitness ciljeva. U\u017eivajte u individualnom treningu ili raznim energi\u010dnim grupnim programima. <\/p>\n<\/div><\/div><\/div><\/div>\n\n<div class=\"et_pb_module et_pb_button_module_wrapper et_pb_button_2_wrapper preset--module--divi-button--default_wrapper\"><a class=\"et_pb_button_2 et_pb_button et_pb_bg_layout_light et_pb_module et_block_module preset--module--divi-button--default\" href=\"\">Saznajte vi\u0161e<\/a><\/div>\n\n<div class=\"et_pb_module et_pb_button_module_wrapper et_pb_button_3_wrapper preset--module--divi-button--default_wrapper\"><a class=\"et_pb_button_3 et_pb_button et_pb_bg_layout_light et_pb_module et_block_module preset--module--divi-button--default\" href=\"\">Saznajte vi\u0161e<\/a><\/div>\n<\/div>\n\n<div class=\"et_pb_column_3 et_pb_column et_pb_column_1_4 et-last-child et_block_column et_pb_css_mix_blend_mode_passthrough col-yoga activity-card\">\n<div class=\"et_pb_blurb_3 et_pb_blurb et_pb_bg_layout_light et_pb_text_align_center-phone et_pb_blurb_position_top et_pb_module et_block_module\"><div class=\"et_pb_blurb_content\"><div class=\"et_pb_main_blurb_image\"><span class=\"et_pb_image_wrap\"><span class=\"et-pb-icon\">\uf4ba<\/span><\/span><\/div><div class=\"et_pb_blurb_container\"><h4 class=\"et_pb_module_header\">Breath &amp; Body Method<\/h4><div class=\"et_pb_blurb_description\"><p>Opustite se i revitalizirajte uz na\u0161e satove Breath &amp; Body Method, koje vodi certificirani instruktor. Pridru\u017eite se na nekoliko sesija na otvorenom, osmi\u0161ljenih da osvje\u017ee va\u0161 um i tijelo. <\/p>\n<\/div><\/div><\/div><\/div>\n\n<div class=\"et_pb_module et_pb_button_module_wrapper et_pb_button_4_wrapper preset--module--divi-button--default_wrapper\"><a class=\"et_pb_button_4 et_pb_button et_pb_bg_layout_light et_pb_module et_block_module preset--module--divi-button--default\" href=\"\">Saznajte vi\u0161e<\/a><\/div>\n<\/div>\n<\/div>\n<\/div>\n\n<div class=\"et_pb_section_2 et_pb_section et_section_regular et_block_section\">\n<div class=\"et_pb_row_1 et_pb_row et_pb_equal_columns et_block_row preset--module--divi-row--default\">\n<div class=\"et_pb_column_4 et_pb_column et_pb_column_2_5 et_block_column et_pb_css_mix_blend_mode_passthrough\">\n<div class=\"et_pb_image_0 et_pb_image et_pb_module et_block_module\"><span class=\"et_pb_image_wrap\"><img loading=\"lazy\" decoding=\"async\" src=\"https:\/\/infinitysport.hr\/wp-content\/uploads\/2025\/06\/infinity-sport-black.svg\" width=\"754\" height=\"506\" srcset=\"https:\/\/infinitysport.hr\/wp-content\/uploads\/2025\/06\/infinity-sport-black.svg 754w\" sizes=\"(min-width: 0px) and (max-width: 480px) 480px, (min-width: 481px) 754px, 100vw\" class=\"wp-image-304724\" title=\"bike-slider\" \/><\/span><\/div>\n<\/div>\n\n<div class=\"et_pb_column_5 et_pb_column et_pb_column_3_5 et-last-child et_block_column et_pb_css_mix_blend_mode_passthrough\">\n<div class=\"et_pb_text_0 et_pb_text et_pb_bg_layout_light et_pb_module et_block_module\"><div class=\"et_pb_text_inner\"><h2>Infinity sport<\/h2>\n<p>Vjerujemo da je istinski do\u017eivljaj otoka spoj avanture i mira. Na\u0161a ponuda je sinergija dinami\u010dnog biciklizma i planinarenja (\"Yang\") i svjesne, obnavljaju\u0107e prakse joge (\"Yin\"). Ne prodajemo samo aktivnost, ve\u0107 cjelovito iskustvo koje vas povezuje s prirodom i samim sobom.  <\/p>\n<\/div><\/div>\n<\/div>\n<\/div>\n\n<div class=\"et_pb_row_2 et_pb_row et_flex_row preset--module--divi-row--default\" id=\"owners\">\n<div class=\"et_pb_column_6 et_pb_column et_block_column et_pb_css_mix_blend_mode_passthrough et_flex_column_24_24 et_flex_column_24_24_tablet et_flex_column_24_24_phone\">\n<div class=\"et_pb_text_1 et_pb_text et_pb_bg_layout_light et_pb_module et_block_module\"><div class=\"et_pb_text_inner\"><h3 style=\"text-align: center;\"><strong>Nikola Radov\u010di\u0107<\/strong><\/h3>\n<p style=\"text-align: center;\"><span>Majstor staza i avanture<\/span><\/p>\n<\/div><\/div>\n\n<div class=\"et_pb_image_1 et_pb_image et_pb_module et_block_module\"><span class=\"et_pb_image_wrap\"><img loading=\"lazy\" decoding=\"async\" src=\"https:\/\/infinitysport.hr\/wp-content\/uploads\/2025\/06\/nikola-radovcic.webp\" width=\"1000\" height=\"1200\" srcset=\"https:\/\/infinitysport.hr\/wp-content\/uploads\/2025\/06\/nikola-radovcic.webp 1000w, https:\/\/infinitysport.hr\/wp-content\/uploads\/2025\/06\/nikola-radovcic-980x1176.webp 980w, https:\/\/infinitysport.hr\/wp-content\/uploads\/2025\/06\/nikola-radovcic-480x576.webp 480w\" sizes=\"(min-width: 0px) and (max-width: 480px) 480px, (min-width: 481px) and (max-width: 980px) 980px, (min-width: 981px) 1000px, 100vw\" class=\"wp-image-305024\" \/><\/span><\/div>\n\n<div class=\"et_pb_text_2 et_pb_text et_pb_bg_layout_light et_pb_module et_block_module\"><div class=\"et_pb_text_inner\"><p>Nikola je srce i du\u0161a kr\u010dkog cikloturizma. On nije samo vodi\u010d; on je jedan od arhitekata oto\u010dne mre\u017ee staza, strastveni natjecatelj i organizator koji \u017eivi za dijeljenje skrivenih ljepota Krka. <\/p>\n<p>\ud83d\udeb4 <strong>Pionir biciklizma<\/strong>: Slu\u017ebeno je izradio GPS tragove za karte \"Krk Bike\" za Turisti\u010dku zajednicu.<\/p>\n<p>\ud83c\udf93 <strong>Licencirani vodi\u010d<\/strong>: Posjeduje licencu Hrvatskog biciklisti\u010dkog saveza (HBS).<\/p>\n<p>\ud83c\udfc6 <strong>Vo\u0111a zajednice<\/strong>: Pokreta\u010dka snaga iza organiziranja lokalnih utrka i vo\u0111enih tura.<\/p>\n<\/div><\/div>\n<\/div>\n\n<div class=\"et_pb_column_7 et_pb_column et-last-child et_block_column et_pb_css_mix_blend_mode_passthrough et_flex_column_24_24 et_flex_column_24_24_tablet et_flex_column_24_24_phone\">\n<div class=\"et_pb_text_3 et_pb_text et_pb_bg_layout_light et_pb_module et_block_module\"><div class=\"et_pb_text_inner\"><h3 style=\"text-align: center;\"><strong>Svjetlana Vrkljan Radov\u010di\u0107<\/strong><\/h3>\n<p style=\"text-align: center;\">Arhitektica dobrobiti i mira<\/p>\n<\/div><\/div>\n\n<div class=\"et_pb_image_2 et_pb_image et_pb_module et_block_module\"><span class=\"et_pb_image_wrap\"><img loading=\"lazy\" decoding=\"async\" src=\"https:\/\/infinitysport.hr\/wp-content\/uploads\/2025\/06\/svjetlana-vrkljan-radovcic.webp\" width=\"1000\" height=\"1200\" srcset=\"https:\/\/infinitysport.hr\/wp-content\/uploads\/2025\/06\/svjetlana-vrkljan-radovcic.webp 1000w, https:\/\/infinitysport.hr\/wp-content\/uploads\/2025\/06\/svjetlana-vrkljan-radovcic-980x1176.webp 980w, https:\/\/infinitysport.hr\/wp-content\/uploads\/2025\/06\/svjetlana-vrkljan-radovcic-480x576.webp 480w\" sizes=\"(min-width: 0px) and (max-width: 480px) 480px, (min-width: 481px) and (max-width: 980px) 980px, (min-width: 981px) 1000px, 100vw\" class=\"wp-image-305025\" \/><\/span><\/div>\n\n<div class=\"et_pb_text_4 et_pb_text et_pb_bg_layout_light et_pb_module et_block_module\"><div class=\"et_pb_text_inner\"><p>Svjetlana je osniva\u010dica i vizionarka brenda, posve\u0107ena holisti\u010dkom zdravlju. Njezina stru\u010dnost u jogi i humanitarnom radu priznata je lokalno i me\u0111unarodno, donose\u0107i mir i svjesnost u svaki pokret.<\/p>\n<p>\ud83e\uddd8<strong>Osniva\u010dica Surya Yoge<\/strong>: Vodi vlastitu \u0161kolu joge, poznatu i kao Svjetlana Surya.<\/p>\n<p>\ud83c\udfc5<strong>Vi\u0161estruko nagra\u0111ivana<\/strong>: Progla\u0161ena \"\u017denom godine otoka\" za svoj humanitarni rad.<\/p>\n<p>\ud83e\udd38\u200d\u2640\ufe0f<b>Certificirana trenerica fitnessa &amp; pilatesa<\/b>: Donosi stru\u010dnost u fitnessu i pilatesu u praksu.<\/p>\n<\/div><\/div>\n<\/div>\n<\/div>\n<\/div>\n\n<div class=\"et_pb_section_3 et_pb_section et_section_regular et_flex_section\">\n<div class=\"et_pb_row_3 et_pb_row et_flex_row preset--module--divi-row--default\">\n<div class=\"et_pb_column_8 et_pb_column et-last-child et_flex_column et_pb_css_mix_blend_mode_passthrough et_flex_column_24_24 et_flex_column_24_24_tablet et_flex_column_24_24_phone\">\n<div class=\"et_pb_heading_0 et_pb_heading et_pb_module et_block_module preset--module--divi-heading--default\"><div class=\"et_pb_heading_container\"><h2 class=\"et_pb_module_header\">Sura\u0111ujemo sa<\/h2><\/div>\n<div class=\"et_pb_gallery_0 et_pb_gallery et_pb_bg_layout_light et_pb_gallery_grid et_pb_module\" data-auto-rotate=\"off\" data-auto-rotate-speed=\"\"><div class=\"et_pb_gallery_items et_post_gallery clearfix et_grid_module\" data-per_page=\"4\"><div class=\"et_pb_gallery_item et_pb_grid_item et_pb_gallery_item_0_0\"><div class=\"et_pb_gallery_image landscape\" data-per_page=\"4\"><a href=\"https:\/\/infinitysport.hr\/wp-content\/uploads\/2025\/02\/forest-4366094_1280-e1739034755847.jpg\" title=\"forest-4366094_1280\"><img loading=\"lazy\" decoding=\"async\" width=\"400\" height=\"284\" src=\"https:\/\/infinitysport.hr\/wp-content\/uploads\/2025\/02\/forest-4366094_1280-e1739034755847-400x284.jpg\" alt=\"\" class=\"wp-image-13\" srcset=\"https:\/\/infinitysport.hr\/wp-content\/uploads\/2025\/02\/forest-4366094_1280-e1739034755847.jpg 479w, https:\/\/infinitysport.hr\/wp-content\/uploads\/2025\/02\/forest-4366094_1280-e1739034755847-400x284.jpg 480w\" sizes=\"(max-width:479px) 479px, 100vw\" \/><span class=\"et_overlay\" data-icon=\"\" data-icon-tablet=\"\" data-icon-phone=\"\"><\/span><\/a><\/div><h3 class=\"et_pb_gallery_title\">forest-4366094_1280<\/h3><\/div><div class=\"et_pb_gallery_item et_pb_grid_item et_pb_gallery_item_0_1\"><div class=\"et_pb_gallery_image landscape\" data-per_page=\"4\"><a href=\"https:\/\/infinitysport.hr\/wp-content\/uploads\/2025\/02\/bike_pattern.webp\" title=\"bike_pattern\"><img loading=\"lazy\" decoding=\"async\" width=\"200\" height=\"200\" src=\"https:\/\/infinitysport.hr\/wp-content\/uploads\/2025\/02\/bike_pattern.webp\" alt=\"\" class=\"wp-image-23\" srcset=\"https:\/\/infinitysport.hr\/wp-content\/uploads\/2025\/02\/bike_pattern.webp 479w, https:\/\/infinitysport.hr\/wp-content\/uploads\/2025\/02\/bike_pattern.webp 480w\" sizes=\"(max-width:479px) 479px, 100vw\" \/><span class=\"et_overlay\" data-icon=\"\" data-icon-tablet=\"\" data-icon-phone=\"\"><\/span><\/a><\/div><h3 class=\"et_pb_gallery_title\">bike_pattern<\/h3><\/div><div class=\"et_pb_gallery_item et_pb_grid_item et_pb_gallery_item_0_2\"><div class=\"et_pb_gallery_image landscape\" data-per_page=\"4\"><a href=\"https:\/\/infinitysport.hr\/wp-content\/uploads\/2025\/02\/bike_pattern_semitransparent.webp\" title=\"bike_pattern_semitransparent\"><img loading=\"lazy\" decoding=\"async\" width=\"200\" height=\"200\" src=\"https:\/\/infinitysport.hr\/wp-content\/uploads\/2025\/02\/bike_pattern_semitransparent.webp\" alt=\"\" class=\"wp-image-24\" srcset=\"https:\/\/infinitysport.hr\/wp-content\/uploads\/2025\/02\/bike_pattern_semitransparent.webp 479w, https:\/\/infinitysport.hr\/wp-content\/uploads\/2025\/02\/bike_pattern_semitransparent.webp 480w\" sizes=\"(max-width:479px) 479px, 100vw\" \/><span class=\"et_overlay\" data-icon=\"\" data-icon-tablet=\"\" data-icon-phone=\"\"><\/span><\/a><\/div><h3 class=\"et_pb_gallery_title\">bike_pattern_semitransparent<\/h3><\/div><div class=\"et_pb_gallery_item et_pb_grid_item et_pb_gallery_item_0_3\"><div class=\"et_pb_gallery_image landscape\" data-per_page=\"4\"><a href=\"https:\/\/infinitysport.hr\/wp-content\/uploads\/2025\/02\/karta-krk-1.jpg\" title=\"karta-krk-1\"><img loading=\"lazy\" decoding=\"async\" width=\"400\" height=\"284\" src=\"https:\/\/infinitysport.hr\/wp-content\/uploads\/2025\/02\/karta-krk-1-400x284.jpg\" alt=\"\" class=\"wp-image-25\" srcset=\"https:\/\/infinitysport.hr\/wp-content\/uploads\/2025\/02\/karta-krk-1.jpg 479w, https:\/\/infinitysport.hr\/wp-content\/uploads\/2025\/02\/karta-krk-1-400x284.jpg 480w\" sizes=\"(max-width:479px) 479px, 100vw\" \/><span class=\"et_overlay\" data-icon=\"\" data-icon-tablet=\"\" data-icon-phone=\"\"><\/span><\/a><\/div><h3 class=\"et_pb_gallery_title\">karta-krk-1<\/h3><\/div><div class=\"et_pb_gallery_item et_pb_grid_item et_pb_gallery_item_0_4\"><div class=\"et_pb_gallery_image landscape\" data-per_page=\"4\"><a href=\"https:\/\/infinitysport.hr\/wp-content\/uploads\/2025\/02\/karta-rab.jpg\" title=\"karta-rab\"><img loading=\"lazy\" decoding=\"async\" width=\"298\" height=\"303\" src=\"https:\/\/infinitysport.hr\/wp-content\/uploads\/2025\/02\/karta-rab.jpg\" alt=\"\" class=\"wp-image-27\" srcset=\"https:\/\/infinitysport.hr\/wp-content\/uploads\/2025\/02\/karta-rab.jpg 479w, https:\/\/infinitysport.hr\/wp-content\/uploads\/2025\/02\/karta-rab.jpg 480w\" sizes=\"(max-width:479px) 479px, 100vw\" \/><span class=\"et_overlay\" data-icon=\"\" data-icon-tablet=\"\" data-icon-phone=\"\"><\/span><\/a><\/div><h3 class=\"et_pb_gallery_title\">karta-rab<\/h3><\/div><\/div><div class=\"et_pb_gallery_pagination\"><\/div><\/div>\n<\/div>\n\n<div class=\"dsm_image_carousel_0 dsm_image_carousel dsm_image_carousel_horizontal dsm_image_carousel_pagi_placement_right dsm_image_carousel_arrow_outside et_pb_module\"><div class=\"et_pb_module_inner\"><div class=\"swiper-container dsm_image_carousel_container \" data-effect=\"default\"\n\t\t\tdata-slider-effect-shadows=\"true\"\n\t\t\tdata-slider-effect-coverflow-rotate=\"30\"\n\t\t\tdata-slider-effect-coverflow-depth=\"\"\n\t\t\tdata-loop=\"true\"\n\t\t\tdata-slide-to-show=\"4\"\n\t\t\tdata-slide-to-show-tablet=\"2\"\n\t\t\tdata-slide-to-show-phone=\"1\"\n\t\t\tdata-slide-to-scroll=\"1\"\n\t\t\tdata-slide-to-scroll-tablet=\"1\"\n\t\t\tdata-slide-to-scroll-phone=\"1\"\n\t\t\tdata-space-between=\"15\"\n\t\t\tdata-space-between-tablet=\"\"\n\t\t\tdata-space-between-phone=\"\"\n\t\t\tdata-slide-row=\"1\"\n\t\t\tdata-centered-slides=\"false\"\n\t\t\tdata-speed=\"300\"\n\t\t\tdata-autoplay=\"true\"\n\t\t\tdata-autoplay-speed=\"3000\"\n\t\t\tdata-touch-move=\"true\"\n\t\t\tdata-grab=\"true\"\n\t\t\tdata-pause-on-hover=\"false\"\n\t\t\tdata-show-lightbox=\"false\"\n\t\t\tdata-lightbox-gallery=\"false\"\n\t\t\tdata-lightbox-caption=\"false\"\n\t\t\tdata-infinite-scrolling=\"false\"\n\t\t\tdata-slide-row-tablet=\"\"\n\t\t\tdata-slide-row-phone=\"\"\n\t\t\tdata-autoplay-viewport=80%\n\t\t\tdata-mousewheel=\"false\"\n\t\t\tdata-lazyload=\"true\"\n\t\t\tdata-type=\"carousel\"\n\t\t\tdata-slideshow-effect=\"default\"\n\t\t\tdata-slideshow-to-show=\"4\"\n\t\t\tdata-slideshow-to-show-tablet=\"4\"\n\t\t\tdata-slideshow-to-show-phone=\"\"\n\t\t\tdata-slider-orientation=\"horizontal\"\n\t\t\t\t\t\tdata-lightbox-title=\"false\"\n\n\t\t\t dir=\"ltr\">\n\t\t\t   <div class=\"swiper-wrapper\"><div class=\"swiper-slide dsm_image_carousel_item\"><img decoding=\"async\" src=\"https:\/\/infinitysport.hr\/wp-content\/uploads\/2025\/09\/grad-krk.webp\" title=\"grad-krk\"  \/> <\/div><div class=\"swiper-slide dsm_image_carousel_item\"><img decoding=\"async\" src=\"https:\/\/infinitysport.hr\/wp-content\/uploads\/2025\/11\/valamar-bike.webp\" title=\"valamar-bike\"  \/> <\/div><div class=\"swiper-slide dsm_image_carousel_item\"><img decoding=\"async\" src=\"https:\/\/infinitysport.hr\/wp-content\/uploads\/2025\/09\/tz-vrbnik.webp\" title=\"tz-vrbnik\"  \/> <\/div><div class=\"swiper-slide dsm_image_carousel_item\"><img decoding=\"async\" src=\"https:\/\/infinitysport.hr\/wp-content\/uploads\/2025\/09\/tz-krk.webp\" title=\"tz-krk\"  \/> <\/div><div class=\"swiper-slide dsm_image_carousel_item\"><img decoding=\"async\" src=\"https:\/\/infinitysport.hr\/wp-content\/uploads\/2025\/09\/tz-baska.webp\" title=\"tz-baska\"  \/> <\/div><div class=\"swiper-slide dsm_image_carousel_item\"><img decoding=\"async\" src=\"https:\/\/infinitysport.hr\/wp-content\/uploads\/2025\/09\/tz-malinska-dubasnica.webp\" title=\"tz-malinska-dubasnica\"  \/> <\/div><div class=\"swiper-slide dsm_image_carousel_item\"><img decoding=\"async\" src=\"https:\/\/infinitysport.hr\/wp-content\/uploads\/2025\/11\/valamar.webp\" title=\"valamar\"  \/> <\/div><div class=\"swiper-slide dsm_image_carousel_item\"><img decoding=\"async\" src=\"https:\/\/infinitysport.hr\/wp-content\/uploads\/2025\/09\/tz-dobrinj.webp\" title=\"tz-dobrinj\"  \/> <\/div><div class=\"swiper-slide dsm_image_carousel_item\"><img decoding=\"async\" src=\"https:\/\/infinitysport.hr\/wp-content\/uploads\/2026\/04\/CRIKVENICA-LOGO.png\" title=\"CRIKVENICA LOGO\"  \/> <\/div><div class=\"swiper-slide dsm_image_carousel_item\"><img decoding=\"async\" src=\"https:\/\/infinitysport.hr\/wp-content\/uploads\/2025\/09\/tz-punat.webp\" title=\"tz-punat\"  \/> <\/div><div class=\"swiper-slide dsm_image_carousel_item\"><img decoding=\"async\" src=\"https:\/\/infinitysport.hr\/wp-content\/uploads\/2025\/12\/ricycle.webp\" title=\"ricycle\"  \/> <\/div><div class=\"swiper-slide dsm_image_carousel_item\"><img decoding=\"async\" src=\"https:\/\/infinitysport.hr\/wp-content\/uploads\/2025\/12\/proteini-si.webp\" title=\"proteini-si\"  \/> <\/div><div class=\"swiper-slide dsm_image_carousel_item\"><img decoding=\"async\" src=\"https:\/\/infinitysport.hr\/wp-content\/uploads\/2026\/04\/watermark_sub_27092025_224255.png\" title=\"watermark_sub_27092025_224255\"  \/> <\/div><div class=\"swiper-slide dsm_image_carousel_item\"><img decoding=\"async\" src=\"https:\/\/infinitysport.hr\/wp-content\/uploads\/2025\/09\/tz-omisalj-njivice.webp\" title=\"tz-omisalj-njivice\"  \/> <\/div><\/div>\n\t\t\t<\/div>\n\t\t\t<div class=\"swiper-button-prev swiper-arrow-button\"><\/div><div class=\"swiper-button-next swiper-arrow-button\"><\/div>\n\t\t\t<div class=\"swiper-pagination\"><\/div>\n\t\t\t\n\t\t\t<\/div><\/div>\n<\/div>\n<\/div>\n<\/div>","protected":false},"excerpt":{"rendered":"","protected":false},"author":1,"featured_media":0,"parent":0,"menu_order":0,"comment_status":"closed","ping_status":"closed","template":"","meta":{"footnotes":""},"class_list":["post-306080","page","type-page","status-publish","hentry"],"acpt":null,"dsm_author":{"name":"adriabox-admin","avatar_url":"https:\/\/secure.gravatar.com\/avatar\/7a1011e51d1623ec4ee2c6fbf1e514ac11c62281ef7d10402bf742e53fdf6d79?s=96&d=mm&r=g","archive_link":"https:\/\/infinitysport.hr\/hr\/author\/adriabox-admin\/","biodata":""},"dsm_categories":[],"dsm_attachment_categories":[],"dsm_featured_image":null,"_links":{"self":[{"href":"https:\/\/infinitysport.hr\/hr\/wp-json\/wp\/v2\/pages\/306080","targetHints":{"allow":["GET"]}}],"collection":[{"href":"https:\/\/infinitysport.hr\/hr\/wp-json\/wp\/v2\/pages"}],"about":[{"href":"https:\/\/infinitysport.hr\/hr\/wp-json\/wp\/v2\/types\/page"}],"author":[{"embeddable":true,"href":"https:\/\/infinitysport.hr\/hr\/wp-json\/wp\/v2\/users\/1"}],"replies":[{"embeddable":true,"href":"https:\/\/infinitysport.hr\/hr\/wp-json\/wp\/v2\/comments?post=306080"}],"version-history":[{"count":12,"href":"https:\/\/infinitysport.hr\/hr\/wp-json\/wp\/v2\/pages\/306080\/revisions"}],"predecessor-version":[{"id":306559,"href":"https:\/\/infinitysport.hr\/hr\/wp-json\/wp\/v2\/pages\/306080\/revisions\/306559"}],"wp:attachment":[{"href":"https:\/\/infinitysport.hr\/hr\/wp-json\/wp\/v2\/media?parent=306080"}],"curies":[{"name":"wp","href":"https:\/\/api.w.org\/{rel}","templated":true}]}}