{"id":306084,"date":"2025-03-13T16:29:00","date_gmt":"2025-03-13T16:29:00","guid":{"rendered":"https:\/\/infinitysport.hr\/fitness\/"},"modified":"2026-04-09T19:51:39","modified_gmt":"2026-04-09T19:51:39","slug":"fitness","status":"publish","type":"page","link":"https:\/\/infinitysport.hr\/hr\/fitness\/","title":{"rendered":"Fitness"},"content":{"rendered":"<div class=\"et_pb_section_0 et_pb_section et_pb_fullwidth_section et_section_regular et_block_section et_animated\">\n<section class=\"et_pb_fullwidth_header_0 et_pb_fullwidth_header et_pb_bg_layout_dark et_pb_text_align_center et_pb_module et_flex_module\"><div class=\"et_pb_fullwidth_header_container center\"><div class=\"header-content-container center\"><div class=\"header-content et_flex_module\"><h1 class=\"et_pb_module_header\">Fitness Centar Krk<\/h1><div class=\"et_pb_header_content_wrapper\"><p>Budite zdravi, budite sna\u017eni \u2014 jer va\u0161e tijelo to zaslu\u017euje, a dana\u0161nji trening doprinosi sutra\u0161njoj vitalnosti.<\/p>\n<\/div><div class=\"et_pb_header_button_wrapper\"><a class=\"et_pb_button et_pb_more_button et_pb_button_one\" href=\"#pricelist\">Cjenik<\/a><\/div><\/div><\/div><\/div><div class=\"et_pb_fullwidth_header_overlay\"><\/div><div class=\"et_pb_fullwidth_header_scroll\"><\/div><\/section>\n<\/div>\n\n<div class=\"et_pb_section_1 et_pb_section et_section_regular et_block_section\">\n<div class=\"et_pb_row_0 et_pb_row et_flex_row et_animated preset--module--divi-row--default\">\n<div class=\"et_pb_column_0 et_pb_column et_block_column et_pb_css_mix_blend_mode_passthrough et_flex_column_24_24 et_flex_column_24_24_tablet et_flex_column_24_24_phone\">\n<div class=\"et_pb_gallery_0 et_pb_gallery et_pb_bg_layout_light et_pb_slider et_pb_gallery_fullwidth clearfix et_pb_module\" data-auto-rotate=\"off\" data-auto-rotate-speed=\"\"><div class=\"et_pb_gallery_items et_post_gallery clearfix\" data-per_page=\"4\"><div class=\"et_pb_gallery_item et_pb_gallery_item_0_0\"><div class=\"et_pb_gallery_image landscape\" data-per_page=\"4\"><a href=\"https:\/\/infinitysport.hr\/wp-content\/uploads\/2025\/06\/fitness-3-scaled.webp\" title=\"fitness (3)\"><img loading=\"lazy\" decoding=\"async\" width=\"2560\" height=\"1920\" src=\"https:\/\/infinitysport.hr\/wp-content\/uploads\/2025\/06\/fitness-3-scaled.webp\" alt=\"\" class=\"wp-image-305044\" srcset=\"https:\/\/infinitysport.hr\/wp-content\/uploads\/2025\/06\/fitness-3-scaled.webp 2560w, https:\/\/infinitysport.hr\/wp-content\/uploads\/2025\/06\/fitness-3-1280x960.webp 1280w, https:\/\/infinitysport.hr\/wp-content\/uploads\/2025\/06\/fitness-3-980x735.webp 980w, https:\/\/infinitysport.hr\/wp-content\/uploads\/2025\/06\/fitness-3-480x360.webp 480w\" sizes=\"(min-width: 0px) and (max-width: 480px) 480px, (min-width: 481px) and (max-width: 980px) 980px, (min-width: 981px) and (max-width: 1280px) 1280px, (min-width: 1281px) 2560px, 100vw\" \/><span class=\"et_overlay\" data-icon=\"\" data-icon-tablet=\"\" data-icon-phone=\"\"><\/span><\/a><\/div><\/div><div class=\"et_pb_gallery_item et_pb_gallery_item_0_1\"><div class=\"et_pb_gallery_image landscape\" data-per_page=\"4\"><a href=\"https:\/\/infinitysport.hr\/wp-content\/uploads\/2025\/06\/fitness-1-scaled.webp\" title=\"fitness (1)\"><img loading=\"lazy\" decoding=\"async\" width=\"2560\" height=\"1920\" src=\"https:\/\/infinitysport.hr\/wp-content\/uploads\/2025\/06\/fitness-1-scaled.webp\" alt=\"\" class=\"wp-image-305045\" srcset=\"https:\/\/infinitysport.hr\/wp-content\/uploads\/2025\/06\/fitness-1-scaled.webp 2560w, https:\/\/infinitysport.hr\/wp-content\/uploads\/2025\/06\/fitness-1-1280x960.webp 1280w, https:\/\/infinitysport.hr\/wp-content\/uploads\/2025\/06\/fitness-1-980x735.webp 980w, https:\/\/infinitysport.hr\/wp-content\/uploads\/2025\/06\/fitness-1-480x360.webp 480w\" sizes=\"(min-width: 0px) and (max-width: 480px) 480px, (min-width: 481px) and (max-width: 980px) 980px, (min-width: 981px) and (max-width: 1280px) 1280px, (min-width: 1281px) 2560px, 100vw\" \/><span class=\"et_overlay\" data-icon=\"\" data-icon-tablet=\"\" data-icon-phone=\"\"><\/span><\/a><\/div><\/div><div class=\"et_pb_gallery_item et_pb_gallery_item_0_2\"><div class=\"et_pb_gallery_image landscape\" data-per_page=\"4\"><a href=\"https:\/\/infinitysport.hr\/wp-content\/uploads\/2025\/06\/fitness-2-scaled.webp\" title=\"fitness (2)\"><img loading=\"lazy\" decoding=\"async\" width=\"2560\" height=\"1920\" src=\"https:\/\/infinitysport.hr\/wp-content\/uploads\/2025\/06\/fitness-2-scaled.webp\" alt=\"\" class=\"wp-image-305046\" srcset=\"https:\/\/infinitysport.hr\/wp-content\/uploads\/2025\/06\/fitness-2-scaled.webp 2560w, https:\/\/infinitysport.hr\/wp-content\/uploads\/2025\/06\/fitness-2-1280x960.webp 1280w, https:\/\/infinitysport.hr\/wp-content\/uploads\/2025\/06\/fitness-2-980x735.webp 980w, https:\/\/infinitysport.hr\/wp-content\/uploads\/2025\/06\/fitness-2-480x360.webp 480w\" sizes=\"(min-width: 0px) and (max-width: 480px) 480px, (min-width: 481px) and (max-width: 980px) 980px, (min-width: 981px) and (max-width: 1280px) 1280px, (min-width: 1281px) 2560px, 100vw\" \/><span class=\"et_overlay\" data-icon=\"\" data-icon-tablet=\"\" data-icon-phone=\"\"><\/span><\/a><\/div><\/div><\/div><\/div>\n<\/div>\n\n<div class=\"et_pb_column_1 et_pb_column et-last-child et_block_column et_pb_css_mix_blend_mode_passthrough et_flex_column_24_24 et_flex_column_24_24_tablet et_flex_column_24_24_phone\">\n<div class=\"et_pb_text_0 et_pb_text et_pb_bg_layout_light et_pb_module et_block_module\"><div class=\"et_pb_text_inner\"><h2>Fitness Centar Koralj<\/h2>\n<p>Fitness centar Krk dio je bogate ponude Infinity Sporta i mjesto gdje svaki trening postaje ulaganje u va\u0161e zdravlje i dobrobit. Unutar 200 m\u00b2 prostora, \u010deka vas prostrana i svijetla dvorana od 100 m\u00b2, koja pru\u017ea ugodnu atmosferu za vje\u017ebanje \u2014 bez pritiska, u ritmu koji vama odgovara.<\/p>\n<p>Moderna oprema, rekviziti i sve \u0161to vam je potrebno za kvalitetan trening stoje vam na raspolaganju, uz podr\u0161ku na\u0161eg osoblja i obilje pozitivne energije. Na\u0161 cilj nije samo da izgledate bolje \u2014 ve\u0107 da se osje\u0107ate bolje, da vje\u017ebanje postane va\u0161 na\u010din \u017eivota te izvor snage, zdravlja i zadovoljstva.<\/p>\n<p>Osim dvorane, ostatak centra uklju\u010duje svla\u010dionice s tu\u0161evima, kutak za opu\u0161tanje i na\u0161 proteinski bar gdje se mo\u017eete osvje\u017eiti nakon treninga. Parking je tako\u0111er osiguran za na\u0161e \u010dlanove \u2014 kako bi va\u0161 dolazak bio jednostavan i bez stresa.<\/p>\n<p>Svi su dobrodo\u0161li \u2014 pridru\u017eite nam se i osjetite kako je malo potrebno da u\u010dinite mnogo za svoje tijelo i um.<\/p>\n<p><strong>Fitness Centar Krk \u2013 budite zdravi, budite sna\u017eni!<\/strong><\/p>\n<p>&nbsp;<\/p>\n<\/div><\/div>\n<\/div>\n<\/div>\n\n<div class=\"et_pb_row_1 et_pb_row et_flex_row preset--module--divi-row--default\">\n<div class=\"et_pb_column_2 et_pb_column et-last-child et_flex_column et_pb_css_mix_blend_mode_passthrough et_flex_column_24_24 et_flex_column_24_24_tablet et_flex_column_24_24_phone\">\n<div class=\"et_pb_heading_0 et_pb_heading et_pb_module et_block_module preset--module--divi-heading--default\"><div class=\"et_pb_heading_container\"><h2 class=\"et_pb_module_header\">Usluge<\/h2><\/div><\/div>\n<\/div>\n<\/div>\n\n<div class=\"et_pb_row_2 et_pb_row et_flex_row preset--module--divi-row--default\">\n<div class=\"et_pb_column_3 et_pb_column et_flex_column et_pb_css_mix_blend_mode_passthrough et_flex_column_8_24 et_flex_column_8_24_tablet et_flex_column_24_24_phone\">\n<div class=\"et_pb_blurb_0 et_pb_blurb et_pb_bg_layout_light et_pb_text_align_center et_pb_blurb_position_top et_pb_module et_block_module\"><div class=\"et_pb_blurb_content\"><div class=\"et_pb_main_blurb_image\"><span class=\"et_pb_image_wrap\"><span class=\"et-pb-icon\">\uf44b<\/span><\/span><\/div><div class=\"et_pb_blurb_container\"><h4 class=\"et_pb_module_header\">Kori\u0161tenje teretane<\/h4><div class=\"et_pb_blurb_description\"><p>U\u017eivajte u potpunom pristupu na\u0161oj modernoj teretani i opremi \u2014 u potpunosti prema vlastitim uvjetima. Opcija samostalnog kori\u0161tenja savr\u0161ena je za one koji preferiraju trenirati neovisno, slijediti vlastiti program i odrediti vlastiti tempo. Imat \u0107ete neograni\u010deno kori\u0161tenje svih sprava, slobodnih utega i prostora za vje\u017ebanje, a za va\u0161u udobnost dostupne su svla\u010dionice, tu\u0161evi i parking. Ostanite predani svojim ciljevima uz slobodu vje\u017ebanja kad god vam odgovara.<\/p>\n<\/div><\/div><\/div><\/div>\n<\/div>\n\n<div class=\"et_pb_column_4 et_pb_column et_flex_column et_pb_css_mix_blend_mode_passthrough et_flex_column_8_24 et_flex_column_8_24_tablet et_flex_column_24_24_phone\">\n<div class=\"et_pb_blurb_1 et_pb_blurb et_pb_bg_layout_light et_pb_text_align_center et_pb_blurb_position_top et_pb_module et_block_module\"><div class=\"et_pb_blurb_content\"><div class=\"et_pb_main_blurb_image\"><span class=\"et_pb_image_wrap\"><span class=\"et-pb-icon\">\uf007<\/span><\/span><\/div><div class=\"et_pb_blurb_container\"><h4 class=\"et_pb_module_header\">Individualni treninzi<\/h4><div class=\"et_pb_blurb_description\"><p>Na\u0161i individualni treninzi nude potpuno personalizirano iskustvo vje\u017ebanja prilago\u0111eno va\u0161im potrebama i ciljevima. Va\u0161 osobni trener vodit \u0107e vas kroz svaku vje\u017ebu, osiguravaju\u0107i pravilno izvo\u0111enje, optimalan intenzitet i stalan napredak. Bilo da ste po\u010detnik ili iskusan vje\u017eba\u010d, individualni trening poma\u017ee vam da maksimalno iskoristite svaki termin, izgradite snagu i izdr\u017eljivost te oja\u010date samopouzdanje. Svaki sat koji ulo\u017eite korak je prema sna\u017enijoj i zdravijoj budu\u0107nosti.<\/p>\n<\/div><\/div><\/div><\/div>\n<\/div>\n\n<div class=\"et_pb_column_5 et_pb_column et-last-child et_flex_column et_pb_css_mix_blend_mode_passthrough et_flex_column_8_24 et_flex_column_8_24_tablet et_flex_column_24_24_phone\">\n<div class=\"et_pb_blurb_2 et_pb_blurb et_pb_bg_layout_light et_pb_text_align_center et_pb_blurb_position_top et_pb_module et_block_module\"><div class=\"et_pb_blurb_content\"><div class=\"et_pb_main_blurb_image\"><span class=\"et_pb_image_wrap\"><span class=\"et-pb-icon\">\uf0c0<\/span><\/span><\/div><div class=\"et_pb_blurb_container\"><h4 class=\"et_pb_module_header\">Grupni treninzi<\/h4><div class=\"et_pb_blurb_description\"><p>Osjetite motivaciju i energiju zajedni\u010dkog vje\u017ebanja. Na\u0161i grupni treninzi otvoreni su za sve razine kondicije i stvaraju poticajnu, energi\u010dnu atmosferu pod vodstvom stru\u010dnih instruktora. Od HIIT-a i funkcionalnih treninga do yoge i plesa, svaki sat je osmi\u0161ljen da vas izazove i inspirira. Vje\u017ebanje u grupi odr\u017eava vas odgovornima, poma\u017ee vam otkriti nove vje\u017ebe i \u010dini svaki trening zabavnijim. Pridru\u017eite se zajednici i ostvarite svoje ciljeve zajedno.<\/p>\n<\/div><\/div><\/div><\/div>\n<\/div>\n<\/div>\n<\/div>\n\n<div class=\"et_pb_section_2 et_pb_section et_section_regular et_block_section\">\n<div class=\"et_pb_row_3 et_pb_row et_block_row preset--module--divi-row--default\" id=\"pricelist\">\n<div class=\"et_pb_column_6 et_pb_column et_pb_column_4_4 et-last-child et_block_column et_pb_css_mix_blend_mode_passthrough\">\n<div class=\"et_pb_heading_1 et_pb_heading et_pb_module et_block_module preset--module--divi-heading--default\"><div class=\"et_pb_heading_container\"><h2 class=\"et_pb_module_header\">Cjenik<\/h2><\/div><\/div>\n\n<div class=\"dsm_price_list_0 dsm_price_list et_pb_module\"><div class=\"et_pb_module_inner\">\n<div class=\"dsm_price_list_child_0 dsm_price_list_child et_pb_module\"><div class=\"et_pb_module_inner\">\n\t\t\t<div class=\"dsm_pricelist_item_wrapper\">\n\t\t\t  <div class=\"dsm-pricelist-header\">\n\t\t\t    <div class=\"dsm-pricelist-title et_pb_module_header\">\n\t\t\t\t  DNEVNO KORI\u0160TENJE TERETANE\n\t\t\t\t<\/div>\n\t\t\t\t<div class=\"dsm-pricelist-separator\"><\/div>\n\t\t\t\t<div class=\"dsm-pricelist-price\">\u20ac10<\/div>\n\t\t\t  <\/div>\n\t\t\t  <div class=\"dsm-pricelist-description\"><\/div>\n\t\t\t<\/div>\n\t\t\t\n\t\t\t<\/div><\/div>\n\n<div class=\"dsm_price_list_child_1 dsm_price_list_child et_pb_module\"><div class=\"et_pb_module_inner\">\n\t\t\t<div class=\"dsm_pricelist_item_wrapper\">\n\t\t\t  <div class=\"dsm-pricelist-header\">\n\t\t\t    <div class=\"dsm-pricelist-title et_pb_module_header\">\n\t\t\t\t  TJEDNO KORI\u0160TENJE TERETANE\n\t\t\t\t<\/div>\n\t\t\t\t<div class=\"dsm-pricelist-separator\"><\/div>\n\t\t\t\t<div class=\"dsm-pricelist-price\">\u20ac25<\/div>\n\t\t\t  <\/div>\n\t\t\t  <div class=\"dsm-pricelist-description\"><\/div>\n\t\t\t<\/div>\n\t\t\t\n\t\t\t<\/div><\/div>\n\n<div class=\"dsm_price_list_child_2 dsm_price_list_child et_pb_module\"><div class=\"et_pb_module_inner\">\n\t\t\t<div class=\"dsm_pricelist_item_wrapper\">\n\t\t\t  <div class=\"dsm-pricelist-header\">\n\t\t\t    <div class=\"dsm-pricelist-title et_pb_module_header\">\n\t\t\t\t  POLUMJESE\u010cNO KORI\u0160TENJENTERETANE\n\t\t\t\t<\/div>\n\t\t\t\t<div class=\"dsm-pricelist-separator\"><\/div>\n\t\t\t\t<div class=\"dsm-pricelist-price\">\u20ac35<\/div>\n\t\t\t  <\/div>\n\t\t\t  <div class=\"dsm-pricelist-description\"><\/div>\n\t\t\t<\/div>\n\t\t\t\n\t\t\t<\/div><\/div>\n\n<div class=\"dsm_price_list_child_3 dsm_price_list_child et_pb_module\"><div class=\"et_pb_module_inner\">\n\t\t\t<div class=\"dsm_pricelist_item_wrapper\">\n\t\t\t  <div class=\"dsm-pricelist-header\">\n\t\t\t    <div class=\"dsm-pricelist-title et_pb_module_header\">\n\t\t\t\t  MJESE\u010cNO KORI\u0160TENJE TERETANE\n\t\t\t\t<\/div>\n\t\t\t\t<div class=\"dsm-pricelist-separator\"><\/div>\n\t\t\t\t<div class=\"dsm-pricelist-price\">\u20ac50<\/div>\n\t\t\t  <\/div>\n\t\t\t  <div class=\"dsm-pricelist-description\">neograni\u010den broj dolazaka<\/div>\n\t\t\t<\/div>\n\t\t\t\n\t\t\t<\/div><\/div>\n\n<div class=\"dsm_price_list_child_4 dsm_price_list_child et_pb_module\"><div class=\"et_pb_module_inner\">\n\t\t\t<div class=\"dsm_pricelist_item_wrapper\">\n\t\t\t  <div class=\"dsm-pricelist-header\">\n\t\t\t    <div class=\"dsm-pricelist-title et_pb_module_header\">\n\t\t\t\t  FITNESS GRUPA\n\t\t\t\t<\/div>\n\t\t\t\t<div class=\"dsm-pricelist-separator\"><\/div>\n\t\t\t\t<div class=\"dsm-pricelist-price\">\u20ac45<\/div>\n\t\t\t  <\/div>\n\t\t\t  <div class=\"dsm-pricelist-description\">mjese\u010dno, 2 x tjedno u dogovorenim terminima<\/div>\n\t\t\t<\/div>\n\t\t\t\n\t\t\t<\/div><\/div>\n\n<div class=\"dsm_price_list_child_5 dsm_price_list_child et_pb_module\"><div class=\"et_pb_module_inner\">\n\t\t\t<div class=\"dsm_pricelist_item_wrapper\">\n\t\t\t  <div class=\"dsm-pricelist-header\">\n\t\t\t    <div class=\"dsm-pricelist-title et_pb_module_header\">\n\t\t\t\t  NAJAM RU\u010cNIKA\n\t\t\t\t<\/div>\n\t\t\t\t<div class=\"dsm-pricelist-separator\"><\/div>\n\t\t\t\t<div class=\"dsm-pricelist-price\">\u20ac3<\/div>\n\t\t\t  <\/div>\n\t\t\t  <div class=\"dsm-pricelist-description\"><\/div>\n\t\t\t<\/div>\n\t\t\t\n\t\t\t<\/div><\/div>\n\n<div class=\"dsm_price_list_child_6 dsm_price_list_child et_pb_module\"><div class=\"et_pb_module_inner\">\n\t\t\t<div class=\"dsm_pricelist_item_wrapper\">\n\t\t\t  <div class=\"dsm-pricelist-header\">\n\t\t\t    <div class=\"dsm-pricelist-title et_pb_module_header\">\n\t\t\t\t  NAJAM ORMARI\u0106A\n\t\t\t\t<\/div>\n\t\t\t\t<div class=\"dsm-pricelist-separator\"><\/div>\n\t\t\t\t<div class=\"dsm-pricelist-price\">\u20ac30<\/div>\n\t\t\t  <\/div>\n\t\t\t  <div class=\"dsm-pricelist-description\"><\/div>\n\t\t\t<\/div>\n\t\t\t\n\t\t\t<\/div><\/div>\n<\/div><\/div>\n<\/div>\n<\/div>\n<\/div>\n\n<div class=\"et_pb_section_3 et_pb_section et_section_regular et_block_section\">\n<div class=\"et_pb_row_4 et_pb_row et_block_row preset--module--divi-row--default\">\n<div class=\"et_pb_column_7 et_pb_column et_pb_column_4_4 et-last-child et_block_column et_pb_css_mix_blend_mode_passthrough\">\n<div class=\"et_pb_heading_2 et_pb_heading et_pb_module et_block_module preset--module--divi-heading--default\"><div class=\"et_pb_heading_container\"><h2 class=\"et_pb_module_header\">\u0160to na\u0161i klijenti ka\u017eu<\/h2><\/div><\/div>\n\n<div class=\"et_pb_code_0 et_pb_code et_pb_module\"><div class=\"et_pb_code_inner\"><div data-src=\"https:\/\/cdn.trustindex.io\/loader.js?340753148dd39444e27603a8d2b\"><\/div><\/div><\/div>\n<\/div>\n<\/div>\n\n<div class=\"et_pb_row_5 et_pb_row et_block_row preset--module--divi-row--default\">\n<div class=\"et_pb_column_8 et_pb_column et_pb_column_4_4 et-last-child et_block_column et_pb_css_mix_blend_mode_passthrough\">\n<div class=\"et_pb_heading_3 et_pb_heading et_pb_module et_block_module preset--module--divi-heading--default\"><div class=\"et_pb_heading_container\"><h3 class=\"et_pb_module_header\">Pratite nas<\/h3><\/div><\/div>\n\n<ul class=\"et_pb_social_media_follow_0 et_pb_social_media_follow clearfix et_pb_bg_layout_light et_pb_text_align_center et_pb_module et_block_module\">\n<li class=\"et_pb_social_media_follow_network_0 et_pb_social_media_follow_network et_pb_social_icon et_pb_social_network_link et-social-facebook et_pb_module et_flex_module\"><a href=\"https:\/\/www.facebook.com\/profile.php?id=100009226794296\" class=\"icon\" target=\"_self\" title=\"Follow on Facebook\" rel=\"noopener\"><span class=\"et_pb_social_media_follow_network_name\">Follow<\/span><\/a><\/li>\n\n<li class=\"et_pb_social_media_follow_network_1 et_pb_social_media_follow_network et_pb_social_icon et_pb_social_network_link et-social-instagram et_pb_module et_flex_module\"><a href=\"https:\/\/www.instagram.com\/infinitysport_krk\/\" class=\"icon\" target=\"_self\" title=\"Follow on Instagram\" rel=\"noopener\"><span class=\"et_pb_social_media_follow_network_name\">Follow<\/span><\/a><\/li>\n<\/ul>\n<\/div>\n<\/div>\n<\/div>\n\n<div class=\"et_pb_section_4 et_pb_section et_section_regular et_flex_section\"><div class=\"et_pb_row_6 et_pb_row et_flex_row preset--module--divi-row--default\"><div class=\"et_pb_column_9 et_pb_column et-last-child et_flex_column et_pb_css_mix_blend_mode_passthrough et_flex_column_24_24 et_flex_column_24_24_tablet et_flex_column_24_24_phone\"><div class=\"et_pb_heading_4 et_pb_heading et_pb_module et_block_module preset--module--divi-heading--default\"><div class=\"et_pb_heading_container\"><h2 class=\"et_pb_module_header\">Our partners<\/h2><\/div><\/div><div class=\"dsm_image_carousel_0 dsm_image_carousel dsm_image_carousel_horizontal dsm_image_carousel_pagi_placement_right dsm_image_carousel_arrow_outside et_pb_module\"><div class=\"et_pb_module_inner\"><div class=\"swiper-container dsm_image_carousel_container \" data-effect=\"default\"\n\t\t\tdata-slider-effect-shadows=\"true\"\n\t\t\tdata-slider-effect-coverflow-rotate=\"30\"\n\t\t\tdata-slider-effect-coverflow-depth=\"\"\n\t\t\tdata-loop=\"true\"\n\t\t\tdata-slide-to-show=\"4\"\n\t\t\tdata-slide-to-show-tablet=\"2\"\n\t\t\tdata-slide-to-show-phone=\"1\"\n\t\t\tdata-slide-to-scroll=\"1\"\n\t\t\tdata-slide-to-scroll-tablet=\"1\"\n\t\t\tdata-slide-to-scroll-phone=\"1\"\n\t\t\tdata-space-between=\"15\"\n\t\t\tdata-space-between-tablet=\"\"\n\t\t\tdata-space-between-phone=\"\"\n\t\t\tdata-slide-row=\"1\"\n\t\t\tdata-centered-slides=\"false\"\n\t\t\tdata-speed=\"300\"\n\t\t\tdata-autoplay=\"true\"\n\t\t\tdata-autoplay-speed=\"3000\"\n\t\t\tdata-touch-move=\"true\"\n\t\t\tdata-grab=\"true\"\n\t\t\tdata-pause-on-hover=\"false\"\n\t\t\tdata-show-lightbox=\"false\"\n\t\t\tdata-lightbox-gallery=\"false\"\n\t\t\tdata-lightbox-caption=\"false\"\n\t\t\tdata-infinite-scrolling=\"false\"\n\t\t\tdata-slide-row-tablet=\"\"\n\t\t\tdata-slide-row-phone=\"\"\n\t\t\tdata-autoplay-viewport=80%\n\t\t\tdata-mousewheel=\"false\"\n\t\t\tdata-lazyload=\"true\"\n\t\t\tdata-type=\"carousel\"\n\t\t\tdata-slideshow-effect=\"default\"\n\t\t\tdata-slideshow-to-show=\"4\"\n\t\t\tdata-slideshow-to-show-tablet=\"4\"\n\t\t\tdata-slideshow-to-show-phone=\"\"\n\t\t\tdata-slider-orientation=\"horizontal\"\n\t\t\t\t\t\tdata-lightbox-title=\"false\"\n\n\t\t\t dir=\"ltr\">\n\t\t\t   <div class=\"swiper-wrapper\"><div class=\"swiper-slide dsm_image_carousel_item\"><img decoding=\"async\" src=\"https:\/\/infinitysport.hr\/wp-content\/uploads\/2025\/09\/tz-omisalj-njivice.webp\" title=\"tz-omisalj-njivice\"  \/> <\/div><div class=\"swiper-slide dsm_image_carousel_item\"><img decoding=\"async\" src=\"https:\/\/infinitysport.hr\/wp-content\/uploads\/2025\/09\/tz-krk.webp\" title=\"tz-krk\"  \/> <\/div><div class=\"swiper-slide dsm_image_carousel_item\"><img decoding=\"async\" src=\"https:\/\/infinitysport.hr\/wp-content\/uploads\/2025\/09\/tz-vrbnik.webp\" title=\"tz-vrbnik\"  \/> <\/div><div class=\"swiper-slide dsm_image_carousel_item\"><img decoding=\"async\" src=\"https:\/\/infinitysport.hr\/wp-content\/uploads\/2025\/12\/proteini-si.webp\" title=\"proteini-si\"  \/> <\/div><div class=\"swiper-slide dsm_image_carousel_item\"><img decoding=\"async\" src=\"https:\/\/infinitysport.hr\/wp-content\/uploads\/2025\/09\/tz-baska.webp\" title=\"tz-baska\"  \/> <\/div><div class=\"swiper-slide dsm_image_carousel_item\"><img decoding=\"async\" src=\"https:\/\/infinitysport.hr\/wp-content\/uploads\/2025\/11\/valamar.webp\" title=\"valamar\"  \/> <\/div><div class=\"swiper-slide dsm_image_carousel_item\"><img decoding=\"async\" src=\"https:\/\/infinitysport.hr\/wp-content\/uploads\/2025\/09\/grad-krk.webp\" title=\"grad-krk\"  \/> <\/div><div class=\"swiper-slide dsm_image_carousel_item\"><img decoding=\"async\" src=\"https:\/\/infinitysport.hr\/wp-content\/uploads\/2025\/12\/ricycle.webp\" title=\"ricycle\"  \/> <\/div><div class=\"swiper-slide dsm_image_carousel_item\"><img decoding=\"async\" src=\"https:\/\/infinitysport.hr\/wp-content\/uploads\/2025\/09\/tz-dobrinj.webp\" title=\"tz-dobrinj\"  \/> <\/div><div class=\"swiper-slide dsm_image_carousel_item\"><img decoding=\"async\" src=\"https:\/\/infinitysport.hr\/wp-content\/uploads\/2025\/09\/tz-malinska-dubasnica.webp\" title=\"tz-malinska-dubasnica\"  \/> <\/div><div class=\"swiper-slide dsm_image_carousel_item\"><img decoding=\"async\" src=\"https:\/\/infinitysport.hr\/wp-content\/uploads\/2025\/09\/tz-punat.webp\" title=\"tz-punat\"  \/> <\/div><div class=\"swiper-slide dsm_image_carousel_item\"><img decoding=\"async\" src=\"https:\/\/infinitysport.hr\/wp-content\/uploads\/2025\/11\/valamar-bike.webp\" title=\"valamar-bike\"  \/> <\/div><\/div>\n\t\t\t<\/div>\n\t\t\t<div class=\"swiper-button-prev swiper-arrow-button\"><\/div><div class=\"swiper-button-next swiper-arrow-button\"><\/div>\n\t\t\t<div class=\"swiper-pagination\"><\/div>\n\t\t\t\n\t\t\t<\/div><\/div><\/div><\/div><\/div>\n\n<div class=\"et_pb_section_5 et_pb_section et_section_regular et_flex_section\">\n<div class=\"et_pb_row_7 et_pb_row et_flex_row preset--module--divi-row--default\">\n<div class=\"et_pb_column_10 et_pb_column et-last-child et_flex_column et_pb_css_mix_blend_mode_passthrough et_flex_column_24_24 et_flex_column_24_24_tablet et_flex_column_24_24_phone\">\n<div class=\"et_pb_map_0 et_pb_map_container et_pb_module et_flex_module\" data-grayscale=\"\"><div class=\"et_pb_map\" data-center-lat=\"45.025348\" data-center-lng=\"14.586435\" data-zoom=\"18\" data-mouse-wheel=\"on\" data-mobile-dragging=\"on\"><\/div>\n<div class=\"et_pb_map_pin_0 et_pb_map_pin\" data-lat=\"45.025348\" data-lng=\"14.586435\" data-title=\"Fitness Centar Krk\"><h3 style=\"margin-top:10px\">Fitness Centar Krk<\/h3><\/div>\n<\/div>\n<\/div>\n<\/div>\n<\/div>","protected":false},"excerpt":{"rendered":"","protected":false},"author":1,"featured_media":0,"parent":0,"menu_order":0,"comment_status":"closed","ping_status":"closed","template":"","meta":{"footnotes":""},"class_list":["post-306084","page","type-page","status-publish","hentry"],"acpt":null,"dsm_author":{"name":"adriabox-admin","avatar_url":"https:\/\/secure.gravatar.com\/avatar\/7a1011e51d1623ec4ee2c6fbf1e514ac11c62281ef7d10402bf742e53fdf6d79?s=96&d=mm&r=g","archive_link":"https:\/\/infinitysport.hr\/hr\/author\/adriabox-admin\/","biodata":""},"dsm_categories":[],"dsm_attachment_categories":[],"dsm_featured_image":null,"_links":{"self":[{"href":"https:\/\/infinitysport.hr\/hr\/wp-json\/wp\/v2\/pages\/306084","targetHints":{"allow":["GET"]}}],"collection":[{"href":"https:\/\/infinitysport.hr\/hr\/wp-json\/wp\/v2\/pages"}],"about":[{"href":"https:\/\/infinitysport.hr\/hr\/wp-json\/wp\/v2\/types\/page"}],"author":[{"embeddable":true,"href":"https:\/\/infinitysport.hr\/hr\/wp-json\/wp\/v2\/users\/1"}],"replies":[{"embeddable":true,"href":"https:\/\/infinitysport.hr\/hr\/wp-json\/wp\/v2\/comments?post=306084"}],"version-history":[{"count":7,"href":"https:\/\/infinitysport.hr\/hr\/wp-json\/wp\/v2\/pages\/306084\/revisions"}],"predecessor-version":[{"id":306551,"href":"https:\/\/infinitysport.hr\/hr\/wp-json\/wp\/v2\/pages\/306084\/revisions\/306551"}],"wp:attachment":[{"href":"https:\/\/infinitysport.hr\/hr\/wp-json\/wp\/v2\/media?parent=306084"}],"curies":[{"name":"wp","href":"https:\/\/api.w.org\/{rel}","templated":true}]}}